{"id":1491,"date":"2021-12-01T17:20:45","date_gmt":"2021-12-01T22:20:45","guid":{"rendered":"https:\/\/amazoniavanilla.com\/?post_type=product&#038;p=1491"},"modified":"2025-06-01T20:39:04","modified_gmt":"2025-06-02T01:39:04","slug":"vanilla-powder-polvo-de-vainilla-50g","status":"publish","type":"product","link":"https:\/\/amazoniavanilla.com\/es\/producto\/vanilla-powder-polvo-de-vainilla-50g\/","title":{"rendered":"Vanilla Powder &#8211; Polvo de Vainilla 50g"},"content":{"rendered":"<p><img data-recalc-dims=\"1\" loading=\"lazy\" decoding=\"async\" data-attachment-id=\"1282\" data-permalink=\"https:\/\/amazoniavanilla.com\/es\/?attachment_id=1282\" data-orig-file=\"https:\/\/i0.wp.com\/amazoniavanilla.com\/wp-content\/uploads\/2020\/11\/powder.jpeg?fit=4928%2C3264&amp;ssl=1\" data-orig-size=\"4928,3264\" data-comments-opened=\"1\" data-image-meta=\"{&quot;aperture&quot;:&quot;4&quot;,&quot;credit&quot;:&quot;Peter Wigginton&quot;,&quot;camera&quot;:&quot;NIKON D7000&quot;,&quot;caption&quot;:&quot;&quot;,&quot;created_timestamp&quot;:&quot;1620470867&quot;,&quot;copyright&quot;:&quot;wiggipe@gmail.com&quot;,&quot;focal_length&quot;:&quot;160&quot;,&quot;iso&quot;:&quot;100&quot;,&quot;shutter_speed&quot;:&quot;0.0025&quot;,&quot;title&quot;:&quot;&quot;,&quot;orientation&quot;:&quot;1&quot;}\" data-image-title=\"powder\" data-image-description=\"\" data-image-caption=\"\" data-large-file=\"https:\/\/i0.wp.com\/amazoniavanilla.com\/wp-content\/uploads\/2020\/11\/powder.jpeg?fit=750%2C497&amp;ssl=1\" class=\"alignnone size-medium wp-image-1282\" src=\"https:\/\/i0.wp.com\/amazoniavanilla.com\/wp-content\/uploads\/2020\/11\/powder.jpeg?resize=300%2C199&#038;ssl=1\" alt=\"\" width=\"300\" height=\"199\" srcset=\"https:\/\/i0.wp.com\/amazoniavanilla.com\/wp-content\/uploads\/2020\/11\/powder.jpeg?resize=300%2C199&amp;ssl=1 300w, https:\/\/i0.wp.com\/amazoniavanilla.com\/wp-content\/uploads\/2020\/11\/powder.jpeg?resize=1024%2C678&amp;ssl=1 1024w, https:\/\/i0.wp.com\/amazoniavanilla.com\/wp-content\/uploads\/2020\/11\/powder.jpeg?resize=768%2C509&amp;ssl=1 768w, https:\/\/i0.wp.com\/amazoniavanilla.com\/wp-content\/uploads\/2020\/11\/powder.jpeg?resize=1536%2C1017&amp;ssl=1 1536w, https:\/\/i0.wp.com\/amazoniavanilla.com\/wp-content\/uploads\/2020\/11\/powder.jpeg?resize=2048%2C1356&amp;ssl=1 2048w, https:\/\/i0.wp.com\/amazoniavanilla.com\/wp-content\/uploads\/2020\/11\/powder.jpeg?resize=1200%2C795&amp;ssl=1 1200w, https:\/\/i0.wp.com\/amazoniavanilla.com\/wp-content\/uploads\/2020\/11\/powder.jpeg?resize=1568%2C1039&amp;ssl=1 1568w, https:\/\/i0.wp.com\/amazoniavanilla.com\/wp-content\/uploads\/2020\/11\/powder.jpeg?resize=750%2C497&amp;ssl=1 750w, https:\/\/i0.wp.com\/amazoniavanilla.com\/wp-content\/uploads\/2020\/11\/powder.jpeg?w=2250&amp;ssl=1 2250w\" sizes=\"auto, (max-width: 300px) 100vw, 300px\" \/>Vanilla Powder is the purest form of vanilla, just ground up to be able to use in recipes that you don&#8217;t want any extra liquid. You can also sprinkle it on top of cookies or on top of a smoothie! WOW! &#8212; La vainilla en polvo es la forma m\u00e1s pura de vainilla, simplemente molida para poder usarla en recetas en las que no desea ning\u00fan l\u00edquido adicional. \u00a1Tambi\u00e9n puedes espolvorearlo encima de las galletas o encima de un batido! \u00a1GUAU!<\/p>","protected":false},"excerpt":{"rendered":"<p>Vanilla Powder is the purest form of vanilla, just ground up to be able to use in recipes that you don&#8217;t want any extra liquid. \u00a0&#8212; La vainilla en polvo es la forma m\u00e1s pura de vainilla, simplemente molida para poder usarla en recetas en las que no desea ning\u00fan l\u00edquido adicional.<\/p>","protected":false},"featured_media":1282,"comment_status":"open","ping_status":"closed","template":"","meta":{"_coblocks_attr":"","_coblocks_dimensions":"","_coblocks_responsive_height":"","_coblocks_accordion_ie_support":"","_crdt_document":"","advanced_seo_description":"","jetpack_seo_html_title":"","jetpack_seo_noindex":false,"jetpack_publicize_message":"","jetpack_publicize_feature_enabled":true,"jetpack_social_post_already_shared":true,"jetpack_social_options":{"image_generator_settings":{"template":"highway","default_image_id":0,"font":"","enabled":false},"version":2},"_wpas_customize_per_network":false},"product_brand":[],"product_cat":[29465],"product_tag":[],"class_list":{"0":"post-1491","1":"product","2":"type-product","3":"status-publish","4":"has-post-thumbnail","6":"product_cat-vanilla-powder","7":"entry","9":"first","10":"onbackorder","11":"taxable","12":"shipping-taxable","13":"purchasable","14":"product-type-simple"},"jetpack_publicize_connections":[],"jetpack_likes_enabled":true,"jetpack_sharing_enabled":true,"_links":{"self":[{"href":"https:\/\/amazoniavanilla.com\/es\/wp-json\/wp\/v2\/product\/1491","targetHints":{"allow":["GET"]}}],"collection":[{"href":"https:\/\/amazoniavanilla.com\/es\/wp-json\/wp\/v2\/product"}],"about":[{"href":"https:\/\/amazoniavanilla.com\/es\/wp-json\/wp\/v2\/types\/product"}],"replies":[{"embeddable":true,"href":"https:\/\/amazoniavanilla.com\/es\/wp-json\/wp\/v2\/comments?post=1491"}],"wp:featuredmedia":[{"embeddable":true,"href":"https:\/\/amazoniavanilla.com\/es\/wp-json\/wp\/v2\/media\/1282"}],"wp:attachment":[{"href":"https:\/\/amazoniavanilla.com\/es\/wp-json\/wp\/v2\/media?parent=1491"}],"wp:term":[{"taxonomy":"product_brand","embeddable":true,"href":"https:\/\/amazoniavanilla.com\/es\/wp-json\/wp\/v2\/product_brand?post=1491"},{"taxonomy":"product_cat","embeddable":true,"href":"https:\/\/amazoniavanilla.com\/es\/wp-json\/wp\/v2\/product_cat?post=1491"},{"taxonomy":"product_tag","embeddable":true,"href":"https:\/\/amazoniavanilla.com\/es\/wp-json\/wp\/v2\/product_tag?post=1491"}],"curies":[{"name":"wp","href":"https:\/\/api.w.org\/{rel}","templated":true}]}}