{"id":7,"date":"2020-10-30T17:15:28","date_gmt":"2020-10-30T17:15:28","guid":{"rendered":"https:\/\/amazoniavanilla.com\/?page_id=7"},"modified":"2022-09-23T08:48:38","modified_gmt":"2022-09-23T13:48:38","slug":"contact","status":"publish","type":"page","link":"https:\/\/amazoniavanilla.com\/es\/contact\/","title":{"rendered":"Contacto"},"content":{"rendered":"<p class=\"has-text-align-left wp-block-paragraph\">No dude en comunicarse con la informaci\u00f3n de contacto a continuaci\u00f3n, enviar un mensaje mediante el formulario o suscribirse a nuestro bolet\u00edn informativo para no perderse actualizaciones de productos, nuevas recetas y art\u00edculos interesantes. <\/p>\n\n\n\n<div style=\"height:32px\" aria-hidden=\"true\" class=\"wp-block-spacer desktop-only\"><\/div>\n\n\n\n<div class=\"wp-block-columns alignwide has-2-columns is-layout-flex wp-container-core-columns-is-layout-7387b849 wp-block-columns-is-layout-flex\">\n<div class=\"wp-block-column is-layout-flow wp-block-column-is-layout-flow\">\n<h2 class=\"has-text-align-left wp-block-heading\" id=\"get-in-touch\">Ponte en contacto con nosotros<\/h2>\n\n\n\n<div class=\"wp-block-jetpack-contact-info\">\n<div class=\"wp-block-jetpack-address\"><div class=\"jetpack-address__address jetpack-address__address1\">E2-108 Isaac Alb\u00e9niz, El Labrador<\/div><div class=\"jetpack-address__address jetpack-address__address2\">Quito, Ecuador<\/div><div><span class=\"jetpack-address__region\"><\/span> <span class=\"jetpack-address__postal\">USA: (540) 607-3747<\/span><\/div><\/div>\n\n\n\n<div class=\"wp-block-jetpack-email\"><a href=\"mailto:info@amazoniavanilla.com\">info@amazoniavanilla.com<\/a><\/div>\n\n\n\n<div class=\"wp-block-jetpack-phone\"><span class=\"phone-prefix\">Ecuador: <\/span><a href=\"tel:+593992939831\">+593 99 293 9831<\/a><\/div>\n\n\n\n<p class=\"wp-block-paragraph\"><\/p>\n<\/div>\n\n\n\n<div aria-label=\"Collage Gallery\" class=\"wp-block-coblocks-gallery-collage alignwide has-small-gutter\"><ul><li class=\"wp-block-coblocks-gallery-collage__item item-1\"><figure class=\"wp-block-coblocks-gallery-collage__figure\"><img data-recalc-dims=\"1\" loading=\"lazy\" decoding=\"async\" width=\"750\" height=\"750\" data-attachment-id=\"273\" data-permalink=\"https:\/\/amazoniavanilla.com\/es\/whatsapp-image-2020-10-24-at-7-43-16-pm\/\" data-orig-file=\"https:\/\/i0.wp.com\/amazoniavanilla.com\/wp-content\/uploads\/2020\/11\/whatsapp-image-2020-10-24-at-7.43.16-pm.jpeg?fit=1280%2C1280&amp;ssl=1\" data-orig-size=\"1280,1280\" data-comments-opened=\"1\" data-image-meta=\"{&quot;aperture&quot;:&quot;0&quot;,&quot;credit&quot;:&quot;&quot;,&quot;camera&quot;:&quot;&quot;,&quot;caption&quot;:&quot;&quot;,&quot;created_timestamp&quot;:&quot;0&quot;,&quot;copyright&quot;:&quot;&quot;,&quot;focal_length&quot;:&quot;0&quot;,&quot;iso&quot;:&quot;0&quot;,&quot;shutter_speed&quot;:&quot;0&quot;,&quot;title&quot;:&quot;&quot;,&quot;orientation&quot;:&quot;0&quot;}\" data-image-title=\"whatsapp-image-2020-10-24-at-7.43.16-pm\" data-image-description=\"\" data-image-caption=\"\" data-large-file=\"https:\/\/i0.wp.com\/amazoniavanilla.com\/wp-content\/uploads\/2020\/11\/whatsapp-image-2020-10-24-at-7.43.16-pm.jpeg?fit=750%2C750&amp;ssl=1\" alt=\"\" class=\"wp-image-273\" data-id=\"273\" data-imglink=\"\" data-index=\"0\" data-link=\"https:\/\/amazoniavanilla.com\/whatsapp-image-2020-10-24-at-7-43-16-pm\/\" src=\"https:\/\/i0.wp.com\/amazoniavanilla.com\/wp-content\/uploads\/2020\/11\/whatsapp-image-2020-10-24-at-7.43.16-pm.jpeg?resize=750%2C750&#038;ssl=1\" srcset=\"https:\/\/i0.wp.com\/amazoniavanilla.com\/wp-content\/uploads\/2020\/11\/whatsapp-image-2020-10-24-at-7.43.16-pm.jpeg?w=1280&amp;ssl=1 1280w, https:\/\/i0.wp.com\/amazoniavanilla.com\/wp-content\/uploads\/2020\/11\/whatsapp-image-2020-10-24-at-7.43.16-pm.jpeg?resize=350%2C350&amp;ssl=1 350w, https:\/\/i0.wp.com\/amazoniavanilla.com\/wp-content\/uploads\/2020\/11\/whatsapp-image-2020-10-24-at-7.43.16-pm.jpeg?resize=100%2C100&amp;ssl=1 100w, https:\/\/i0.wp.com\/amazoniavanilla.com\/wp-content\/uploads\/2020\/11\/whatsapp-image-2020-10-24-at-7.43.16-pm.jpeg?resize=750%2C750&amp;ssl=1 750w\" sizes=\"auto, (max-width: 750px) 100vw, 750px\" \/><\/figure><\/li><\/ul><\/div>\n<\/div>\n\n\n\n<div class=\"wp-block-column is-layout-flow wp-block-column-is-layout-flow\">\n<h2 class=\"has-text-align-left wp-block-heading\" id=\"send-us-a-message\">Mandanos un mensaje<\/h2>\n\n\n<div class=\"wp-block-jetpack-contact-form is-layout-flex wp-container-jetpack-contact-form-is-layout-b9bba262 wp-block-jetpack-contact-form-is-layout-flex\"><a href=\"https:\/\/amazoniavanilla.com\/es\/contact\/\" target=\"_blank\" rel=\"noopener noreferrer\">Env\u00eda un formulario.<\/a><\/div>\n\n\n<p class=\"wp-block-paragraph\"><\/p>\n<\/div>\n<\/div>\n\n\n\n\t<div class=\"wp-block-jetpack-mailchimp\" data-blog-id=\"184919687\">\n\t\t<form\n\t\t\taria-describedby=\"wp-block-jetpack-mailchimp_consent-text\" action=\"\"\n\t\t\t\t\t>\n\t\t\t<p>\n\t\t\t\t<input\n\t\t\t\t\taria-label=\"Introduce tu correo electr\u00f3nico\"\n\t\t\t\t\tplaceholder=\"Introduce tu correo electr\u00f3nico\"\n\t\t\t\t\trequired\n\t\t\t\t\ttitle=\"Introduce tu correo electr\u00f3nico\"\n\t\t\t\t\ttype=\"email\"\n\t\t\t\t\tname=\"email\"\n\t\t\t\t\/>\n\t\t\t<\/p>\n\t\t\t\t\t\t\t\t\t\n<div class=\"wp-block-jetpack-button wp-block-button\" style=\"\"><button class=\"wp-block-button__link\" style=\"\" data-id-attr=\"mailchimp-button-block-1\" id=\"mailchimp-button-block-1\" type=\"submit\" data-wp-class--is-submitting=\"state.isSubmitting\" data-wp-bind--aria-disabled=\"state.isAriaDisabled\">\u00danase a nuestra lista de correo electr\u00f3nico<span class=\"spinner\" aria-hidden=\"true\"><svg width=\"24\" height=\"24\" viewbox=\"0 0 24 24\" xmlns=\"http:\/\/www.w3.org\/2000\/svg\"><path d=\"M12,1A11,11,0,1,0,23,12,11,11,0,0,0,12,1Zm0,19a8,8,0,1,1,8-8A8,8,0,0,1,12,20Z\" opacity=\".25\"\/><path d=\"M10.14,1.16a11,11,0,0,0-9,8.92A1.59,1.59,0,0,0,2.46,12,1.52,1.52,0,0,0,4.11,10.7a8,8,0,0,1,6.66-6.61A1.42,1.42,0,0,0,12,2.69h0A1.57,1.57,0,0,0,10.14,1.16Z\"><animatetransform attributename=\"transform\" type=\"rotate\" dur=\"0.75s\" values=\"0 12 12;360 12 12\" repeatcount=\"indefinite\"\/><\/path><\/svg><span class=\"is-visually-hidden\">Enviando formulario<\/span><\/span><\/button><\/div>\n\t\t\t<p id=\"wp-block-jetpack-mailchimp_consent-text\">\n\t\t\t\tAl hacer clic en enviar, aceptas compartir tu direcci\u00f3n de correo electr\u00f3nico con el propietario del sitio y con MailChimp para recibir mensajes de marketing, actualizaciones y otros correos electr\u00f3nicos del propietario del sitio. Utiliza el enlace de cancelaci\u00f3n de suscripci\u00f3n de esos correos electr\u00f3nicos para cancelar tu suscripci\u00f3n en cualquier momento.\t\t\t<\/p>\n\n\t\t\t\n\t\t<input type=\"hidden\" name=\"trp-form-language\" value=\"es\"\/><\/form>\n\t\t\n\t\t\t<div class=\"wp-block-jetpack-mailchimp_notification wp-block-jetpack-mailchimp_processing\" role=\"status\">\n\t\t\t\tProcesando\u2026\t\t\t<\/div>\n\t\t\t<div class=\"wp-block-jetpack-mailchimp_notification wp-block-jetpack-mailchimp_success\" role=\"status\">\n\t\t\t\t\u00a1Lo lograste! Ya est\u00e1s en la lista.\t\t\t<\/div>\n\t\t\t<div class=\"wp-block-jetpack-mailchimp_notification wp-block-jetpack-mailchimp_error\" role=\"alert\">\n\t\t\t\t\u00a1Vaya! Se ha producido un error y no hemos podido procesar tu suscripci\u00f3n. Por favor, recarga la p\u00e1gina e int\u00e9ntalo de nuevo.\t\t\t<\/div>\n\n\t\t\t<\/div>","protected":false},"excerpt":{"rendered":"<p>Don&#8217;t hesitate to reach out with the contact information below, send a message using the form, or subscribe to our newsletter so you don&#8217;t miss produce updates, new recipes, and interesting articles. Get in Touch Send Us a Message<\/p>","protected":false},"author":195795156,"featured_media":0,"parent":0,"menu_order":0,"comment_status":"closed","ping_status":"closed","template":"","meta":{"_coblocks_attr":"","_coblocks_dimensions":"","_coblocks_responsive_height":"","_coblocks_accordion_ie_support":"","_crdt_document":"","advanced_seo_description":"","jetpack_seo_html_title":"","jetpack_seo_noindex":false,"footnotes":""},"class_list":["post-7","page","type-page","status-publish","hentry","entry"],"jetpack_likes_enabled":null,"jetpack_sharing_enabled":false,"jetpack_shortlink":"https:\/\/wp.me\/PcvU3B-7","amp_enabled":true,"_links":{"self":[{"href":"https:\/\/amazoniavanilla.com\/es\/wp-json\/wp\/v2\/pages\/7","targetHints":{"allow":["GET"]}}],"collection":[{"href":"https:\/\/amazoniavanilla.com\/es\/wp-json\/wp\/v2\/pages"}],"about":[{"href":"https:\/\/amazoniavanilla.com\/es\/wp-json\/wp\/v2\/types\/page"}],"author":[{"embeddable":true,"href":"https:\/\/amazoniavanilla.com\/es\/wp-json\/wp\/v2\/users\/195795156"}],"replies":[{"embeddable":true,"href":"https:\/\/amazoniavanilla.com\/es\/wp-json\/wp\/v2\/comments?post=7"}],"version-history":[{"count":20,"href":"https:\/\/amazoniavanilla.com\/es\/wp-json\/wp\/v2\/pages\/7\/revisions"}],"predecessor-version":[{"id":1787,"href":"https:\/\/amazoniavanilla.com\/es\/wp-json\/wp\/v2\/pages\/7\/revisions\/1787"}],"wp:attachment":[{"href":"https:\/\/amazoniavanilla.com\/es\/wp-json\/wp\/v2\/media?parent=7"}],"curies":[{"name":"wp","href":"https:\/\/api.w.org\/{rel}","templated":true}]}}