{"id":40,"date":"2020-11-21T10:08:33","date_gmt":"2020-11-21T15:08:33","guid":{"rendered":"https:\/\/amazoniavanilla.com\/?page_id=40"},"modified":"2021-06-16T21:50:31","modified_gmt":"2021-06-17T02:50:31","slug":"home","status":"publish","type":"page","link":"https:\/\/amazoniavanilla.com\/es\/","title":{"rendered":""},"content":{"rendered":"<div class=\"wp-block-cover alignfull has-background-dim-30 has-background-dim has-custom-content-position is-position-top-left\" style=\"min-height:490px;aspect-ratio:unset;\"><img data-recalc-dims=\"1\" loading=\"lazy\" decoding=\"async\" width=\"750\" height=\"400\" data-attachment-id=\"263\" data-permalink=\"https:\/\/amazoniavanilla.com\/es\/cover-pic-vanilla-company-2\/\" data-orig-file=\"https:\/\/i0.wp.com\/amazoniavanilla.com\/wp-content\/uploads\/2020\/11\/cover-pic-vanilla-company-2.jpg?fit=3263%2C1740&amp;ssl=1\" data-orig-size=\"3263,1740\" data-comments-opened=\"1\" data-image-meta=\"{&quot;aperture&quot;:&quot;1.9&quot;,&quot;credit&quot;:&quot;&quot;,&quot;camera&quot;:&quot;SM-G920F&quot;,&quot;caption&quot;:&quot;&quot;,&quot;created_timestamp&quot;:&quot;1590765337&quot;,&quot;copyright&quot;:&quot;&quot;,&quot;focal_length&quot;:&quot;4.3&quot;,&quot;iso&quot;:&quot;40&quot;,&quot;shutter_speed&quot;:&quot;0.0088495575221239&quot;,&quot;title&quot;:&quot;&quot;,&quot;orientation&quot;:&quot;1&quot;}\" data-image-title=\"cover-pic-vanilla-company-2\" data-image-description=\"\" data-image-caption=\"\" data-large-file=\"https:\/\/i0.wp.com\/amazoniavanilla.com\/wp-content\/uploads\/2020\/11\/cover-pic-vanilla-company-2.jpg?fit=750%2C400&amp;ssl=1\" class=\"wp-block-cover__image-background wp-image-263\" alt=\"\" src=\"https:\/\/amazoniavanilla.files.wordpress.com\/2020\/11\/cover-pic-vanilla-company-2.jpg?resize=750%2C400\" data-object-fit=\"cover\" srcset=\"https:\/\/i0.wp.com\/amazoniavanilla.com\/wp-content\/uploads\/2020\/11\/cover-pic-vanilla-company-2.jpg?w=3263&amp;ssl=1 3263w, https:\/\/i0.wp.com\/amazoniavanilla.com\/wp-content\/uploads\/2020\/11\/cover-pic-vanilla-company-2.jpg?resize=750%2C400&amp;ssl=1 750w, https:\/\/i0.wp.com\/amazoniavanilla.com\/wp-content\/uploads\/2020\/11\/cover-pic-vanilla-company-2.jpg?w=1500&amp;ssl=1 1500w, https:\/\/i0.wp.com\/amazoniavanilla.com\/wp-content\/uploads\/2020\/11\/cover-pic-vanilla-company-2.jpg?w=2250&amp;ssl=1 2250w\" sizes=\"auto, (max-width: 750px) 100vw, 750px\" \/><div class=\"wp-block-cover__inner-container is-layout-flow wp-block-cover-is-layout-flow\">\n<div style=\"height:32px\" aria-hidden=\"true\" class=\"wp-block-spacer\"><\/div>\n\n\n\n<p class=\"has-text-align-left margin-bottom-half has-small-font-size wp-block-paragraph\"><strong>Bienvenidos a<\/strong><\/p>\n\n\n\n<h2 class=\"has-text-align-center margin-top-half wp-block-heading\">The Amazonia Vanilla Company<\/h2>\n\n\n\n<div class=\"wp-block-columns alignwide coblocks-animate is-layout-flex wp-container-core-columns-is-layout-7387b849 wp-block-columns-is-layout-flex\" data-coblocks-animation=\"slideInLeft\">\n<div class=\"wp-block-column is-layout-flow wp-block-column-is-layout-flow\" style=\"flex-basis:80%\"><\/div>\n<\/div>\n<\/div><\/div>\n\n\n\n<div class=\"wp-block-media-text alignfull has-media-on-the-right is-stacked-on-mobile is-vertically-aligned-top is-image-fill has-background\" style=\"background-color:#a69684;grid-template-columns:auto 61%\"><figure class=\"wp-block-media-text__media\" style=\"background-image:url(https:\/\/amazoniavanilla.files.wordpress.com\/2020\/11\/20200721_145508.jpg?w=1024);background-position:50% 50%\"><img data-recalc-dims=\"1\" loading=\"lazy\" decoding=\"async\" width=\"750\" height=\"422\" data-attachment-id=\"54\" data-permalink=\"https:\/\/amazoniavanilla.com\/es\/20200721_145508\/\" data-orig-file=\"https:\/\/i0.wp.com\/amazoniavanilla.com\/wp-content\/uploads\/2020\/11\/20200721_145508.jpg?fit=5312%2C2988&amp;ssl=1\" data-orig-size=\"5312,2988\" data-comments-opened=\"1\" data-image-meta=\"{&quot;aperture&quot;:&quot;1.9&quot;,&quot;credit&quot;:&quot;&quot;,&quot;camera&quot;:&quot;SM-G920P&quot;,&quot;caption&quot;:&quot;&quot;,&quot;created_timestamp&quot;:&quot;1595343308&quot;,&quot;copyright&quot;:&quot;&quot;,&quot;focal_length&quot;:&quot;4.3&quot;,&quot;iso&quot;:&quot;40&quot;,&quot;shutter_speed&quot;:&quot;0.00028735632183908&quot;,&quot;title&quot;:&quot;&quot;,&quot;orientation&quot;:&quot;1&quot;}\" data-image-title=\"20200721_145508\" data-image-description=\"\" data-image-caption=\"\" data-large-file=\"https:\/\/i0.wp.com\/amazoniavanilla.com\/wp-content\/uploads\/2020\/11\/20200721_145508.jpg?fit=750%2C422&amp;ssl=1\" src=\"https:\/\/amazoniavanilla.files.wordpress.com\/2020\/11\/20200721_145508.jpg?w=1024&#038;resize=750%2C422\" alt=\"\" class=\"wp-image-54 size-full\" srcset=\"https:\/\/i0.wp.com\/amazoniavanilla.com\/wp-content\/uploads\/2020\/11\/20200721_145508.jpg?w=5312&amp;ssl=1 5312w, https:\/\/i0.wp.com\/amazoniavanilla.com\/wp-content\/uploads\/2020\/11\/20200721_145508.jpg?resize=750%2C422&amp;ssl=1 750w, https:\/\/i0.wp.com\/amazoniavanilla.com\/wp-content\/uploads\/2020\/11\/20200721_145508.jpg?w=1500&amp;ssl=1 1500w, https:\/\/i0.wp.com\/amazoniavanilla.com\/wp-content\/uploads\/2020\/11\/20200721_145508.jpg?w=2250&amp;ssl=1 2250w\" sizes=\"auto, (max-width: 750px) 100vw, 750px\" \/><\/figure><div class=\"wp-block-media-text__content\">\n<div style=\"height:64px\" aria-hidden=\"true\" class=\"wp-block-spacer\"><\/div>\n\n\n\n<h1 class=\"wp-block-heading\">Desde el diverso Amazonas hasta su Cocina <\/h1>\n\n\n\n<p class=\"wp-block-paragraph\">The Amazonia Vanilla Company se dedica a conectar a los productores con los consumidores. Celebramos la comida; c\u00f3mo se cultiva y comparte tu disfrute con los productores. As\u00ed es como lo queremos, conectando a las personas a trav\u00e9s de la buena comida. <\/p>\n\n\n\n<div class=\"wp-block-button is-style-fill\"><a class=\"wp-block-button__link has-background-color has-primary-background-color has-text-color has-background\" href=\"https:\/\/amazoniavanilla.com\/es\/contact\/\">\u00a1Conect\u00e9monos! <\/a><\/div>\n\n\n\n<p class=\"wp-block-paragraph\">We&#8217;re more than &#8216;Fair Trade&#8217;.  We are shareholders with our producers. <\/p>\n<\/div><\/div>\n\n\n\n<div class=\"wp-block-group alignfull has-background-background-color has-background\"><div class=\"wp-block-group__inner-container is-layout-flow wp-block-group-is-layout-flow\">\n<p class=\"has-text-align-center margin-bottom-half has-small-font-size wp-block-paragraph\">Pruebe el Amazonas, Salvatico y Diverso<\/p>\n\n\n\n<h2 class=\"has-text-align-center margin-top-half wp-block-heading\">Nuestros Productos<img data-recalc-dims=\"1\" loading=\"lazy\" decoding=\"async\" width=\"90\" height=\"90\" data-attachment-id=\"859\" data-permalink=\"https:\/\/amazoniavanilla.com\/es\/home\/sloth3-no-background\/\" data-orig-file=\"https:\/\/i0.wp.com\/amazoniavanilla.com\/wp-content\/uploads\/2020\/12\/sloth3-no-background.png?fit=1127%2C1125&amp;ssl=1\" data-orig-size=\"1127,1125\" data-comments-opened=\"1\" data-image-meta=\"{&quot;aperture&quot;:&quot;0&quot;,&quot;credit&quot;:&quot;&quot;,&quot;camera&quot;:&quot;&quot;,&quot;caption&quot;:&quot;&quot;,&quot;created_timestamp&quot;:&quot;0&quot;,&quot;copyright&quot;:&quot;&quot;,&quot;focal_length&quot;:&quot;0&quot;,&quot;iso&quot;:&quot;0&quot;,&quot;shutter_speed&quot;:&quot;0&quot;,&quot;title&quot;:&quot;&quot;,&quot;orientation&quot;:&quot;0&quot;}\" data-image-title=\"sloth3 (no background)\" data-image-description=\"\" data-image-caption=\"\" data-large-file=\"https:\/\/i0.wp.com\/amazoniavanilla.com\/wp-content\/uploads\/2020\/12\/sloth3-no-background.png?fit=750%2C749&amp;ssl=1\" class=\"wp-image-859\" style=\"width: 90px;\" src=\"https:\/\/i0.wp.com\/amazoniavanilla.com\/wp-content\/uploads\/2020\/12\/sloth3-no-background.png?resize=90%2C90&#038;ssl=1\" alt=\"\" srcset=\"https:\/\/i0.wp.com\/amazoniavanilla.com\/wp-content\/uploads\/2020\/12\/sloth3-no-background.png?w=1127&amp;ssl=1 1127w, https:\/\/i0.wp.com\/amazoniavanilla.com\/wp-content\/uploads\/2020\/12\/sloth3-no-background.png?resize=300%2C300&amp;ssl=1 300w, https:\/\/i0.wp.com\/amazoniavanilla.com\/wp-content\/uploads\/2020\/12\/sloth3-no-background.png?resize=1024%2C1022&amp;ssl=1 1024w, https:\/\/i0.wp.com\/amazoniavanilla.com\/wp-content\/uploads\/2020\/12\/sloth3-no-background.png?resize=150%2C150&amp;ssl=1 150w, https:\/\/i0.wp.com\/amazoniavanilla.com\/wp-content\/uploads\/2020\/12\/sloth3-no-background.png?resize=768%2C767&amp;ssl=1 768w, https:\/\/i0.wp.com\/amazoniavanilla.com\/wp-content\/uploads\/2020\/12\/sloth3-no-background.png?resize=800%2C800&amp;ssl=1 800w, https:\/\/i0.wp.com\/amazoniavanilla.com\/wp-content\/uploads\/2020\/12\/sloth3-no-background.png?resize=400%2C400&amp;ssl=1 400w, https:\/\/i0.wp.com\/amazoniavanilla.com\/wp-content\/uploads\/2020\/12\/sloth3-no-background.png?resize=200%2C200&amp;ssl=1 200w, https:\/\/i0.wp.com\/amazoniavanilla.com\/wp-content\/uploads\/2020\/12\/sloth3-no-background.png?resize=350%2C350&amp;ssl=1 350w, https:\/\/i0.wp.com\/amazoniavanilla.com\/wp-content\/uploads\/2020\/12\/sloth3-no-background.png?resize=750%2C749&amp;ssl=1 750w, https:\/\/i0.wp.com\/amazoniavanilla.com\/wp-content\/uploads\/2020\/12\/sloth3-no-background.png?resize=100%2C100&amp;ssl=1 100w\" sizes=\"auto, (max-width: 90px) 100vw, 90px\" \/><\/h2>\n\n\n\n<hr class=\"wp-block-separator\"\/>\n<\/div><\/div>\n\n\n\n<div class=\"wp-block-columns alignfull is-layout-flex wp-container-core-columns-is-layout-7387b849 wp-block-columns-is-layout-flex\">\n<div class=\"wp-block-column is-layout-flow wp-block-column-is-layout-flow\"><div data-block-name=\"woocommerce\/featured-category\" data-category-id=\"29459\" data-edit-mode=\"false\" data-media-id=\"1287\" data-media-src=\"https:\/\/amazoniavanilla.com\/wp-content\/uploads\/2021\/05\/DSC_4382.jpeg\" class=\"wc-block-featured-category alignnone has-background-dim wp-block-woocommerce-featured-category\" style=\"min-height:500px;\"><div class=\"wc-block-featured-category__wrapper\"><div class=\"background-dim__overlay\" style=\"background-color: #000000\"><\/div><img decoding=\"async\" alt=\"Vanilla Extract\" class=\"wc-block-featured-category__background-image\" src=\"https:\/\/i0.wp.com\/amazoniavanilla.com\/wp-content\/uploads\/2021\/05\/DSC_4382.jpeg?fit=678%2C1024&#038;ssl=1\" style=\"object-fit: none;object-position: 50% 50%;\" \/><h2 class=\"wc-block-featured-category__title\">Extracto de Vainilla<\/h2><div class=\"wc-block-featured-category__description\"><\/div><div class=\"wc-block-featured-category__inner-blocks\">\n\n<div class=\"wp-block-button aligncenter\"><a class=\"wp-block-button__link\" href=\"https:\/\/amazoniavanilla.com\/es\/categoria-producto\/vanilla-extract\/\">Compre ahora<\/a><\/div>\n\n<\/div><\/div><\/div><\/div>\n\n\n\n<div class=\"wp-block-column is-layout-flow wp-block-column-is-layout-flow\"><div data-block-name=\"woocommerce\/featured-category\" data-category-id=\"29443\" data-edit-mode=\"false\" data-media-id=\"444\" data-media-src=\"https:\/\/amazoniavanilla.com\/wp-content\/uploads\/2020\/11\/20200529_151537.jpg\" class=\"wc-block-featured-category alignnone has-background-dim wp-block-woocommerce-featured-category\" style=\"min-height:500px;\"><div class=\"wc-block-featured-category__wrapper\"><div class=\"background-dim__overlay\" style=\"background-color: #000000\"><\/div><img decoding=\"async\" alt=\"Vanilla Beans\" class=\"wc-block-featured-category__background-image\" src=\"https:\/\/i0.wp.com\/amazoniavanilla.com\/wp-content\/uploads\/2020\/11\/20200529_151537.jpg?fit=750%2C422&#038;ssl=1\" style=\"object-fit: none;object-position: 50% 50%;\" \/><h2 class=\"wc-block-featured-category__title\">Vainas de Vainilla<\/h2><div class=\"wc-block-featured-category__description\"><\/div><div class=\"wc-block-featured-category__inner-blocks\">\n\n<div class=\"wp-block-button aligncenter\"><a class=\"wp-block-button__link\" href=\"https:\/\/amazoniavanilla.com\/es\/categoria-producto\/vanilla-beans\/\">Compre ahora<\/a><\/div>\n\n<\/div><\/div><\/div><\/div>\n\n\n\n<div class=\"wp-block-column is-layout-flow wp-block-column-is-layout-flow\"><div data-block-name=\"woocommerce\/featured-category\" data-category-id=\"29442\" data-edit-mode=\"false\" data-media-id=\"1286\" data-media-src=\"https:\/\/amazoniavanilla.com\/wp-content\/uploads\/2021\/05\/caviar-w-background.jpeg\" class=\"wc-block-featured-category alignnone has-background-dim wp-block-woocommerce-featured-category\" style=\"min-height:500px;\"><div class=\"wc-block-featured-category__wrapper\"><div class=\"background-dim__overlay\" style=\"background-color: #000000\"><\/div><img decoding=\"async\" alt=\"Vanilla Caviar\" class=\"wc-block-featured-category__background-image\" src=\"https:\/\/i0.wp.com\/amazoniavanilla.com\/wp-content\/uploads\/2021\/05\/caviar-w-background.jpeg?fit=750%2C603&#038;ssl=1\" style=\"object-fit: none;object-position: 50% 50%;\" \/><h2 class=\"wc-block-featured-category__title\">Caviar de Vainilla<\/h2><div class=\"wc-block-featured-category__description\"><\/div><div class=\"wc-block-featured-category__inner-blocks\">\n\n<div class=\"wp-block-button aligncenter\"><a class=\"wp-block-button__link\" href=\"https:\/\/amazoniavanilla.com\/es\/categoria-producto\/vanilla-caviar\/\">Compre ahora<\/a><\/div>\n\n<\/div><\/div><\/div><\/div>\n<\/div>\n\n\n\n<p class=\"has-text-align-center margin-bottom-half has-small-font-size wp-block-paragraph\">El extracto de vainilla tiene uno de los sabores m\u00e1s complejos del mundo. El extracto puro de vainilla tiene m\u00e1s de 250 componentes de sabor, y el nuestro no es una excepci\u00f3n. \u00a1Pr\u00f3ximamente extracto de vainilla!<\/p>\n\n\n\n<h2 class=\"has-text-align-center wp-block-heading\"><strong>Consejos de expertos sobre el uso de nuestros productos<\/strong><\/h2>\n\n\n\n<div class=\"wp-block-buttons is-content-justification-center is-layout-flex wp-block-buttons-is-layout-flex\">\n<div class=\"wp-block-button is-style-fill\"><a class=\"wp-block-button__link has-text-color has-background\" href=\"https:\/\/amazoniavanilla.com\/es\/blog\/\" style=\"background-color:#20603c;color:#fffdf6\">Tips and Use<\/a><\/div>\n<\/div>\n\n\n\n<div class=\"wp-block-group alignfull\"><div class=\"wp-block-group__inner-container is-layout-flow wp-block-group-is-layout-flow\">\n<div style=\"height:32px\" aria-hidden=\"true\" class=\"wp-block-spacer\"><\/div>\n\n\n\n<div class=\"wp-block-media-text alignwide is-stacked-on-mobile is-image-fill has-background\" style=\"background-color:#20603c\"><figure class=\"wp-block-media-text__media\" style=\"background-image:url(https:\/\/amazoniavanilla.files.wordpress.com\/2020\/11\/vanilla-extract-3.jpg?w=527);background-position:50% 50%\"><img data-recalc-dims=\"1\" loading=\"lazy\" decoding=\"async\" width=\"750\" height=\"1459\" data-attachment-id=\"84\" data-permalink=\"https:\/\/amazoniavanilla.com\/es\/vanilla-extract-3\/\" data-orig-file=\"https:\/\/i0.wp.com\/amazoniavanilla.com\/wp-content\/uploads\/2020\/11\/vanilla-extract-3.jpg?fit=1666%2C3240&amp;ssl=1\" data-orig-size=\"1666,3240\" data-comments-opened=\"1\" data-image-meta=\"{&quot;aperture&quot;:&quot;1.9&quot;,&quot;credit&quot;:&quot;&quot;,&quot;camera&quot;:&quot;SM-G920F&quot;,&quot;caption&quot;:&quot;&quot;,&quot;created_timestamp&quot;:&quot;1595925762&quot;,&quot;copyright&quot;:&quot;&quot;,&quot;focal_length&quot;:&quot;4.3&quot;,&quot;iso&quot;:&quot;50&quot;,&quot;shutter_speed&quot;:&quot;0.01&quot;,&quot;title&quot;:&quot;&quot;,&quot;orientation&quot;:&quot;1&quot;}\" data-image-title=\"vanilla-extract-3\" data-image-description=\"\" data-image-caption=\"\" data-large-file=\"https:\/\/i0.wp.com\/amazoniavanilla.com\/wp-content\/uploads\/2020\/11\/vanilla-extract-3.jpg?fit=527%2C1024&amp;ssl=1\" src=\"https:\/\/amazoniavanilla.files.wordpress.com\/2020\/11\/vanilla-extract-3.jpg?w=527&#038;resize=750%2C1459\" alt=\"\" class=\"wp-image-84 size-full\" srcset=\"https:\/\/i0.wp.com\/amazoniavanilla.com\/wp-content\/uploads\/2020\/11\/vanilla-extract-3.jpg?w=1666&amp;ssl=1 1666w, https:\/\/i0.wp.com\/amazoniavanilla.com\/wp-content\/uploads\/2020\/11\/vanilla-extract-3.jpg?resize=750%2C1459&amp;ssl=1 750w, https:\/\/i0.wp.com\/amazoniavanilla.com\/wp-content\/uploads\/2020\/11\/vanilla-extract-3.jpg?w=1500&amp;ssl=1 1500w\" sizes=\"auto, (max-width: 750px) 100vw, 750px\" \/><\/figure><div class=\"wp-block-media-text__content\">\n<div style=\"height:32px\" aria-hidden=\"true\" class=\"wp-block-spacer\"><\/div>\n\n\n\n<h3 class=\"has-text-color wp-block-heading\" style=\"color:#e7e1c9\">Why You&#8217;ll Love Us<\/h3>\n\n\n\n<p class=\"has-text-color wp-block-paragraph\" style=\"color:#e7e1c9\">We don&#8217;t do just &#8220;plain&#8221; vanilla. Our vanilla is carefully rendered to produce the best flavors imaginable.  Our exotic beans were cultivated in the Amazon, on small plots.  We don&#8217;t source from big commercial greenhouse complexes.  We let nature conspire to infuse wild aromas from its tropical flora.  We cure slowly, hand grading and steeping our extracts in the slow aged, traditional way.<\/p>\n\n\n\n<ul class=\"has-text-color wp-block-list\" style=\"color:#e7e1c9\"><li><strong>Sumptuous<\/strong><\/li><li><strong>Exotic<\/strong><\/li><li><strong>Fair Trade<\/strong><\/li><li><strong>Sustainable<\/strong><\/li><\/ul>\n<\/div><\/div>\n<\/div><\/div>\n\n\n\n<hr class=\"wp-block-coblocks-dynamic-separator is-style-line\" style=\"height:50px\"\/>\n\n\n\n<p class=\"has-text-align-center wp-block-paragraph\">Our recent blogposts<\/p>\n\n\n<ul class=\"wp-block-latest-posts__list has-dates wp-block-latest-posts\"><li><a class=\"wp-block-latest-posts__post-title\" href=\"https:\/\/amazoniavanilla.com\/es\/2021\/05\/23\/marmalade-upside-down-vanilla-bourbon-pudding-cake\/\">Marmalade Upside-Down Vanilla-Bourbon Pudding Cake<\/a><time datetime=\"2021-05-23T14:03:23-05:00\" class=\"wp-block-latest-posts__post-date\">mayo 23, 2021<\/time><div class=\"wp-block-latest-posts__post-excerpt\">Bitter orange to vanilla is like Sonny to Cher&#8230;. two divas that compliment each other in the best way! To<a class=\"more-link\" href=\"https:\/\/amazoniavanilla.com\/es\/2021\/05\/23\/marmalade-upside-down-vanilla-bourbon-pudding-cake\/\">Sigue leyendo <span class=\"screen-reader-text\">&#8220;Marmalade Upside-Down Vanilla-Bourbon Pudding Cake&#8221;<\/span><\/a><\/div><\/li>\n<li><a class=\"wp-block-latest-posts__post-title\" href=\"https:\/\/amazoniavanilla.com\/es\/2021\/01\/26\/creme-brulee\/\">Cr\u00e8me Brulee<\/a><time datetime=\"2021-01-26T16:46:29-05:00\" class=\"wp-block-latest-posts__post-date\">enero 26, 2021<\/time><div class=\"wp-block-latest-posts__post-excerpt\">This is way too good, just way too good.\u00a0 It&#8217;s worth a search for duck eggs, even if you have<a class=\"more-link\" href=\"https:\/\/amazoniavanilla.com\/es\/2021\/01\/26\/creme-brulee\/\">Sigue leyendo <span class=\"screen-reader-text\">&#8220;Cr\u00e8me Brulee&#8221;<\/span><\/a><\/div><\/li>\n<li><a class=\"wp-block-latest-posts__post-title\" href=\"https:\/\/amazoniavanilla.com\/es\/2021\/01\/06\/ecuadorian-colada-maracuya\/\">Ecuadorian Colada Maracuya<\/a><time datetime=\"2021-01-06T15:00:09-05:00\" class=\"wp-block-latest-posts__post-date\">enero 6, 2021<\/time><div class=\"wp-block-latest-posts__post-excerpt\">This is a very common Ecuadoran breakfast beverage. It is slightly thick with a hearty oat flavor complemented by the<a class=\"more-link\" href=\"https:\/\/amazoniavanilla.com\/es\/2021\/01\/06\/ecuadorian-colada-maracuya\/\">Sigue leyendo <span class=\"screen-reader-text\">&#8220;Ecuadorian Colada Maracuya&#8221;<\/span><\/a><\/div><\/li>\n<li><a class=\"wp-block-latest-posts__post-title\" href=\"https:\/\/amazoniavanilla.com\/es\/2021\/01\/06\/vanilla-and-conservation\/\">Vanilla and Conservation<\/a><time datetime=\"2021-01-06T13:45:39-05:00\" class=\"wp-block-latest-posts__post-date\">enero 6, 2021<\/time><div class=\"wp-block-latest-posts__post-excerpt\">\u201cWe bring people together over good food.&#8220; However, our customers, our producers and us have something else in common.\u00a0Guayusa Runa<a class=\"more-link\" href=\"https:\/\/amazoniavanilla.com\/es\/2021\/01\/06\/vanilla-and-conservation\/\">Sigue leyendo <span class=\"screen-reader-text\">&#8220;Vanilla and Conservation&#8221;<\/span><\/a><\/div><\/li>\n<li><a class=\"wp-block-latest-posts__post-title\" href=\"https:\/\/amazoniavanilla.com\/es\/2020\/12\/15\/amazing-exotic-eggnog\/\">Amazing Exotic Eggnog<\/a><time datetime=\"2020-12-15T21:12:35-05:00\" class=\"wp-block-latest-posts__post-date\">diciembre 15, 2020<\/time><div class=\"wp-block-latest-posts__post-excerpt\">This eggnog has become the Christmas tradition in our family, it takes priority over opening presents and checking Christmas stockings.\u00a0<a class=\"more-link\" href=\"https:\/\/amazoniavanilla.com\/es\/2020\/12\/15\/amazing-exotic-eggnog\/\">Sigue leyendo <span class=\"screen-reader-text\">&#8220;Amazing Exotic Eggnog&#8221;<\/span><\/a><\/div><\/li>\n<\/ul>\n\n\n<p class=\"wp-block-paragraph\"><\/p>","protected":false},"excerpt":{"rendered":"<p>Taste the Wild, Exotic Amazon Our Products Vanilla extract has one of the most complex flavors in the world. Pure vanilla extract has over 250 flavor components and ours is no exception. Vanilla extract coming soon! Tips From Experts on Using Our Products Why You&#8217;ll Love Us We don&#8217;t do just &#8220;plain&#8221; vanilla. Our vanilla<a class=\"more-link\" href=\"https:\/\/amazoniavanilla.com\/es\/\">Sigue leyendo <\/a><\/p>","protected":false},"author":195795156,"featured_media":0,"parent":0,"menu_order":0,"comment_status":"closed","ping_status":"closed","template":"","meta":{"_coblocks_attr":"","_coblocks_dimensions":"","_coblocks_responsive_height":"","_coblocks_accordion_ie_support":"","_crdt_document":"","advanced_seo_description":"Vanilla, Amazon, Beans","jetpack_seo_html_title":"","jetpack_seo_noindex":false,"footnotes":""},"class_list":["post-40","page","type-page","status-publish","hentry","entry"],"jetpack_likes_enabled":true,"jetpack_sharing_enabled":true,"jetpack_shortlink":"https:\/\/wp.me\/PcvU3B-E","amp_enabled":false,"_links":{"self":[{"href":"https:\/\/amazoniavanilla.com\/es\/wp-json\/wp\/v2\/pages\/40","targetHints":{"allow":["GET"]}}],"collection":[{"href":"https:\/\/amazoniavanilla.com\/es\/wp-json\/wp\/v2\/pages"}],"about":[{"href":"https:\/\/amazoniavanilla.com\/es\/wp-json\/wp\/v2\/types\/page"}],"author":[{"embeddable":true,"href":"https:\/\/amazoniavanilla.com\/es\/wp-json\/wp\/v2\/users\/195795156"}],"replies":[{"embeddable":true,"href":"https:\/\/amazoniavanilla.com\/es\/wp-json\/wp\/v2\/comments?post=40"}],"version-history":[{"count":91,"href":"https:\/\/amazoniavanilla.com\/es\/wp-json\/wp\/v2\/pages\/40\/revisions"}],"predecessor-version":[{"id":1503,"href":"https:\/\/amazoniavanilla.com\/es\/wp-json\/wp\/v2\/pages\/40\/revisions\/1503"}],"wp:attachment":[{"href":"https:\/\/amazoniavanilla.com\/es\/wp-json\/wp\/v2\/media?parent=40"}],"curies":[{"name":"wp","href":"https:\/\/api.w.org\/{rel}","templated":true}]}}